{"id":12,"date":"2019-03-30T16:18:12","date_gmt":"2019-03-30T16:18:12","guid":{"rendered":"http:\/\/lekovic-sutomore.com\/?page_id=12"},"modified":"2019-04-03T19:55:53","modified_gmt":"2019-04-03T19:55:53","slug":"home","status":"publish","type":"page","link":"http:\/\/lekovic-sutomore.com\/","title":{"rendered":"Home"},"content":{"rendered":"<p>[et_pb_section fb_built=&#8221;1&#8243; _builder_version=&#8221;3.9&#8243; background_color=&#8221;#0c71c3&#8243; custom_padding=&#8221;0|0px|0|0px|false|false&#8221;][et_pb_row custom_padding=&#8221;0|0px|1px|0px|false|false&#8221; _builder_version=&#8221;3.9&#8243;][et_pb_column type=&#8221;4_4&#8243; _builder_version=&#8221;3.9&#8243; parallax=&#8221;off&#8221; parallax_method=&#8221;on&#8221;][et_pb_nextend_smart_slider_3 slider=&#8221;2&#8243; _builder_version=&#8221;3.9&#8243;][\/et_pb_nextend_smart_slider_3][\/et_pb_column][\/et_pb_row][\/et_pb_section][et_pb_section fb_built=&#8221;1&#8243; _builder_version=&#8221;3.9&#8243; background_color=&#8221;#0c71c3&#8243;][et_pb_row _builder_version=&#8221;3.9&#8243;][et_pb_column type=&#8221;1_2&#8243; _builder_version=&#8221;3.9&#8243; parallax=&#8221;off&#8221; parallax_method=&#8221;on&#8221;][et_pb_text _builder_version=&#8221;3.9&#8243;]<\/p>\n<div class=\"et_pb_module et_pb_text et_pb_text_0 et_pb_bg_layout_light  et_pb_text_align_left\">\n<div class=\"et_pb_text_inner\">\n<p><span style=\"color: #ffffff;\"><strong>Apartmani Lekovi\u0107 se nalaze u Sutomoru, na samo 250m od velike sutomorske pla\u017ee, 150m od autobuske stanice, 250m od \u017eeljezni\u010dke stanice.<\/strong><\/span><\/p>\n<p><span style=\"color: #ffffff;\"><strong>Do aerodroma u Podgorici, kao i u Tivtu dijeli samo pola sata do sat vremena vo\u017enje. Tako\u0111e za isto vrijeme mo\u017eete do\u0107i i do velikog broja pla\u017ea na na\u0161em primorju. Obi\u0111ite pje\u0161\u010danu, veliku pla\u017eu u Ulcinju, Kralji\u010dinu pla\u017eu u \u010canju, Lu\u010dice u Petrovcu, Sveti Stefan, Milo\u010der, Pr\u017eno, Trsteno u Budvi, Plave horizonte, Oblatno i mnoge druge pla\u017ee. Pored plaza predla\u017eemo da obi\u0111ete i Skadarsko jezero, Manastir Ostrog, Lov\u0107en, Cetinje, Stari grad u Budvi i Kotoru.<\/strong><\/span><\/p>\n<p><span style=\"color: #ffffff;\"><strong>Naravno tu je i najbli\u017ei i najljep\u0161e ure\u0111en grad na crnogorskom primorju, Bar. Obavezno pro\u0161etajte gradskim \u0161etali\u0161tem i posjetite stari grad, gdje pored suvenira mo\u017eete kupiti i doma\u0107e maslinovo ulje, plodove masline, koziji sir, kao i ru\u010dno ra\u0111ene predmete od maslinovog drveta.<\/strong><\/span><\/p>\n<\/div>\n<\/div>\n<p>[\/et_pb_text][\/et_pb_column][et_pb_column type=&#8221;1_2&#8243; _builder_version=&#8221;3.9&#8243; parallax=&#8221;off&#8221; parallax_method=&#8221;on&#8221;][et_pb_image src=&#8221;http:\/\/lekovic-sutomore.com\/wp-content\/uploads\/2019\/04\/azaza.png&#8221; _builder_version=&#8221;3.9&#8243;][\/et_pb_image][\/et_pb_column][\/et_pb_row][\/et_pb_section]<\/p>\n","protected":false},"excerpt":{"rendered":"<p>[et_pb_section fb_built=&#8221;1&#8243; _builder_version=&#8221;3.9&#8243; background_color=&#8221;#0c71c3&#8243; custom_padding=&#8221;0|0px|0|0px|false|false&#8221;][et_pb_row custom_padding=&#8221;0|0px|1px|0px|false|false&#8221; _builder_version=&#8221;3.9&#8243;][et_pb_column type=&#8221;4_4&#8243; _builder_version=&#8221;3.9&#8243; parallax=&#8221;off&#8221; parallax_method=&#8221;on&#8221;][et_pb_nextend_smart_slider_3 slider=&#8221;2&#8243; _builder_version=&#8221;3.9&#8243;][\/et_pb_nextend_smart_slider_3][\/et_pb_column][\/et_pb_row][\/et_pb_section][et_pb_section fb_built=&#8221;1&#8243; _builder_version=&#8221;3.9&#8243; background_color=&#8221;#0c71c3&#8243;][et_pb_row _builder_version=&#8221;3.9&#8243;][et_pb_column type=&#8221;1_2&#8243; _builder_version=&#8221;3.9&#8243; parallax=&#8221;off&#8221; parallax_method=&#8221;on&#8221;][et_pb_text _builder_version=&#8221;3.9&#8243;] Apartmani Lekovi\u0107 se nalaze u Sutomoru, na samo 250m od velike sutomorske pla\u017ee, 150m od autobuske stanice, 250m od \u017eeljezni\u010dke stanice. Do aerodroma u Podgorici, kao i u Tivtu dijeli samo pola sata [&hellip;]<\/p>\n","protected":false},"author":1,"featured_media":0,"parent":0,"menu_order":0,"comment_status":"closed","ping_status":"closed","template":"","meta":{"footnotes":""},"class_list":["post-12","page","type-page","status-publish","hentry"],"_links":{"self":[{"href":"http:\/\/lekovic-sutomore.com\/index.php\/wp-json\/wp\/v2\/pages\/12","targetHints":{"allow":["GET"]}}],"collection":[{"href":"http:\/\/lekovic-sutomore.com\/index.php\/wp-json\/wp\/v2\/pages"}],"about":[{"href":"http:\/\/lekovic-sutomore.com\/index.php\/wp-json\/wp\/v2\/types\/page"}],"author":[{"embeddable":true,"href":"http:\/\/lekovic-sutomore.com\/index.php\/wp-json\/wp\/v2\/users\/1"}],"replies":[{"embeddable":true,"href":"http:\/\/lekovic-sutomore.com\/index.php\/wp-json\/wp\/v2\/comments?post=12"}],"version-history":[{"count":8,"href":"http:\/\/lekovic-sutomore.com\/index.php\/wp-json\/wp\/v2\/pages\/12\/revisions"}],"predecessor-version":[{"id":184,"href":"http:\/\/lekovic-sutomore.com\/index.php\/wp-json\/wp\/v2\/pages\/12\/revisions\/184"}],"wp:attachment":[{"href":"http:\/\/lekovic-sutomore.com\/index.php\/wp-json\/wp\/v2\/media?parent=12"}],"curies":[{"name":"wp","href":"https:\/\/api.w.org\/{rel}","templated":true}]}}