{"id":18,"date":"2019-03-30T16:20:17","date_gmt":"2019-03-30T16:20:17","guid":{"rendered":"http:\/\/lekovic-sutomore.com\/?page_id=18"},"modified":"2019-04-03T21:43:22","modified_gmt":"2019-04-03T21:43:22","slug":"lux-apartmani","status":"publish","type":"page","link":"http:\/\/lekovic-sutomore.com\/index.php\/lux-apartmani\/","title":{"rendered":"LUX Apartmani"},"content":{"rendered":"<p>[et_pb_section fb_built=&#8221;1&#8243; _builder_version=&#8221;3.9&#8243; background_color=&#8221;#0c71c3&#8243; custom_padding=&#8221;22px|0px|15px|0px|false|false&#8221;][et_pb_row use_custom_width=&#8221;on&#8221; use_custom_gutter=&#8221;on&#8221; gutter_width=&#8221;1&#8243; custom_padding=&#8221;0|0px|0|0px|false|false&#8221; _builder_version=&#8221;3.9&#8243; border_radii=&#8221;on|15px|15px|15px|15px&#8221; box_shadow_style=&#8221;preset1&#8243; box_shadow_spread=&#8221;8px&#8221; box_shadow_color=&#8221;#0C71C3&#8243;][et_pb_column type=&#8221;4_4&#8243; _builder_version=&#8221;3.9&#8243; parallax=&#8221;off&#8221; parallax_method=&#8221;on&#8221;][et_pb_text _builder_version=&#8221;3.9&#8243; text_font=&#8221;||||||||&#8221; text_font_size_last_edited=&#8221;on|desktop&#8221; text_text_shadow_style=&#8221;preset1&#8243; header_font=&#8221;||||||||&#8221; border_radii=&#8221;on|15px|15px|15px|15px&#8221; border_color_all=&#8221;#0C71C3&#8243; box_shadow_style=&#8221;preset5&#8243; box_shadow_blur=&#8221;28px&#8221; box_shadow_spread=&#8221;8px&#8221; box_shadow_color=&#8221;#0C71C3&#8243; custom_margin=&#8221;|||&#8221;]<\/p>\n<h1 style=\"text-align: center;\"><span style=\"font-family: Times New Roman; font-weight: normal; font-size: xx-large; color: #ffffff;\"><strong>LUX APARTMANI<br \/><\/strong><\/span><\/h1>\n<p>[\/et_pb_text][et_pb_text _builder_version=&#8221;3.9&#8243; border_radii=&#8221;on|15px|15px|15px|15px&#8221; border_width_all=&#8221;3px&#8221; border_color_all=&#8221;#0C71C3&#8243; box_shadow_style=&#8221;preset1&#8243; box_shadow_spread=&#8221;10px&#8221; box_shadow_color=&#8221;#0C71C3&#8243; custom_margin=&#8221;|||&#8221;]<\/p>\n<p><span style=\"color: #e02b20;\"><strong><\/strong><\/span><\/p>\n<p><span style=\"color: #ffffff;\"><strong>Apartmani su opremani na na\u010din da se udovolji i najzahtjevnijim gostim. Sadr\u017ee sve \u0161to je potrebno za udoban i prijatan boravak. Namje\u0161taj je nov, \u010disti pe\u0161kiri i posteljina su uvijek na raspolaganju, kao i u potpunosti opremljene kuhinje sa ugradnim elementima i posu\u0111em, TV i klima ure\u0111ajem u svakoj sobi.<\/strong><\/span><\/p>\n<p><span style=\"color: #ffffff;\"><strong>Obezbije\u0111en je parking za goste apartmana, kao i WIFI internet. Gosti apartmana mogu da uzivaju u mirnoj atmosferi u dvori\u0161tu vile, na bazenu i terasi opremljenom mobilijarom.<\/strong><\/span><\/p>\n<p><span style=\"color: #ffffff;\"><strong>Predvi\u0111en je i prostor za dru\u017eenje, kao i zabavu za malu i veliku djecu. Na raspolaganju su stoni fubal, stoni tenis, terase za dru\u017eenje, igrali\u0161te za djecu, kao i ro\u0161tilj u dvori\u0161tu kompleksa.<\/strong><\/span><\/p>\n<p><span style=\"color: #e02b20;\"><strong><\/strong><\/span><\/p>\n<p><span style=\"color: #e02b20;\"><strong><\/strong><\/span><\/p>\n<p>[\/et_pb_text][et_pb_gallery gallery_ids=&#8221;185,186,187&#8243; fullwidth=&#8221;on&#8221; _builder_version=&#8221;3.9&#8243; animation_style=&#8221;fade&#8221; animation_duration=&#8221;300ms&#8221; auto=&#8221;on&#8221;][\/et_pb_gallery][et_pb_divider show_divider=&#8221;off&#8221; height=&#8221;58px&#8221; _builder_version=&#8221;3.9&#8243;][\/et_pb_divider][et_pb_gallery gallery_ids=&#8221;208,207,209,194,108,110,109,111,112,114,115,113,120,118,119,117,106,107,34,93&#8243; posts_number=&#8221;20&#8243; show_title_and_caption=&#8221;off&#8221; show_pagination=&#8221;off&#8221; hover_overlay_color=&#8221;rgba(12,113,195,0.67)&#8221; hover_icon=&#8221;%%99%%&#8221; _builder_version=&#8221;3.9&#8243;][\/et_pb_gallery][\/et_pb_column][\/et_pb_row][\/et_pb_section]<\/p>\n","protected":false},"excerpt":{"rendered":"<p>[et_pb_section fb_built=&#8221;1&#8243; _builder_version=&#8221;3.9&#8243; background_color=&#8221;#0c71c3&#8243; custom_padding=&#8221;22px|0px|15px|0px|false|false&#8221;][et_pb_row use_custom_width=&#8221;on&#8221; use_custom_gutter=&#8221;on&#8221; gutter_width=&#8221;1&#8243; custom_padding=&#8221;0|0px|0|0px|false|false&#8221; _builder_version=&#8221;3.9&#8243; border_radii=&#8221;on|15px|15px|15px|15px&#8221; box_shadow_style=&#8221;preset1&#8243; box_shadow_spread=&#8221;8px&#8221; box_shadow_color=&#8221;#0C71C3&#8243;][et_pb_column type=&#8221;4_4&#8243; _builder_version=&#8221;3.9&#8243; parallax=&#8221;off&#8221; parallax_method=&#8221;on&#8221;][et_pb_text _builder_version=&#8221;3.9&#8243; text_font=&#8221;||||||||&#8221; text_font_size_last_edited=&#8221;on|desktop&#8221; text_text_shadow_style=&#8221;preset1&#8243; header_font=&#8221;||||||||&#8221; border_radii=&#8221;on|15px|15px|15px|15px&#8221; border_color_all=&#8221;#0C71C3&#8243; box_shadow_style=&#8221;preset5&#8243; box_shadow_blur=&#8221;28px&#8221; box_shadow_spread=&#8221;8px&#8221; box_shadow_color=&#8221;#0C71C3&#8243; custom_margin=&#8221;|||&#8221;] LUX APARTMANI [\/et_pb_text][et_pb_text _builder_version=&#8221;3.9&#8243; border_radii=&#8221;on|15px|15px|15px|15px&#8221; border_width_all=&#8221;3px&#8221; border_color_all=&#8221;#0C71C3&#8243; box_shadow_style=&#8221;preset1&#8243; box_shadow_spread=&#8221;10px&#8221; box_shadow_color=&#8221;#0C71C3&#8243; custom_margin=&#8221;|||&#8221;] Apartmani su opremani na na\u010din da se udovolji i najzahtjevnijim gostim. Sadr\u017ee sve \u0161to [&hellip;]<\/p>\n","protected":false},"author":1,"featured_media":0,"parent":0,"menu_order":0,"comment_status":"closed","ping_status":"closed","template":"","meta":{"footnotes":""},"class_list":["post-18","page","type-page","status-publish","hentry"],"_links":{"self":[{"href":"http:\/\/lekovic-sutomore.com\/index.php\/wp-json\/wp\/v2\/pages\/18","targetHints":{"allow":["GET"]}}],"collection":[{"href":"http:\/\/lekovic-sutomore.com\/index.php\/wp-json\/wp\/v2\/pages"}],"about":[{"href":"http:\/\/lekovic-sutomore.com\/index.php\/wp-json\/wp\/v2\/types\/page"}],"author":[{"embeddable":true,"href":"http:\/\/lekovic-sutomore.com\/index.php\/wp-json\/wp\/v2\/users\/1"}],"replies":[{"embeddable":true,"href":"http:\/\/lekovic-sutomore.com\/index.php\/wp-json\/wp\/v2\/comments?post=18"}],"version-history":[{"count":7,"href":"http:\/\/lekovic-sutomore.com\/index.php\/wp-json\/wp\/v2\/pages\/18\/revisions"}],"predecessor-version":[{"id":229,"href":"http:\/\/lekovic-sutomore.com\/index.php\/wp-json\/wp\/v2\/pages\/18\/revisions\/229"}],"wp:attachment":[{"href":"http:\/\/lekovic-sutomore.com\/index.php\/wp-json\/wp\/v2\/media?parent=18"}],"curies":[{"name":"wp","href":"https:\/\/api.w.org\/{rel}","templated":true}]}}